{"id":260,"date":"2025-05-20T12:43:18","date_gmt":"2025-05-20T10:43:18","guid":{"rendered":"https:\/\/www.lesouriredannecy.com\/?page_id=260"},"modified":"2026-04-10T01:09:14","modified_gmt":"2026-04-09T23:09:14","slug":"legal","status":"publish","type":"page","link":"https:\/\/www.entre-sel-et-ciel.com\/de\/legal\/","title":{"rendered":"Rechtliche Hinweise"},"content":{"rendered":"<!--themify_builder_content-->\n<div id=\"themify_builder_content-260\" data-postid=\"260\" class=\"themify_builder_content themify_builder_content-260 themify_builder tf_clear\">\n                    <div  data-css_id=\"mvpy206\" data-lazy=\"1\" class=\"module_row themify_builder_row fullwidth tb_mvpy206 tb_first tf_w\">\n            <span  class=\"builder_row_cover tf_abs\" data-lazy=\"1\"><\/span>            <div class=\"row_inner col_align_top tb_col_count_1 tf_box tf_rel\">\n                        <div  data-lazy=\"1\" class=\"module_column tb-column col-full tb_vhtf206 first\">\n                    <!-- module text -->\n<div  class=\"module module-text tb_btmt206\" data-lazy=\"1\">\n        <div  class=\"tb_text_wrap\">\n        <h1 style=\"text-align: center;\">Rechtliche Hinweise<\/h1>    <\/div>\n<\/div>\n<!-- \/module text --><!-- module text -->\n<div  class=\"module module-text tb_xd6i206\" data-lazy=\"1\">\n        <div  class=\"tb_text_wrap\">\n        <p style=\"text-align: center;\">Eigent\u00fcmer und Gestalter der Website<\/p>    <\/div>\n<\/div>\n<!-- \/module text -->        <\/div>\n                        <\/div>\n        <\/div>\n                        <div  data-lazy=\"1\" class=\"module_row themify_builder_row tb_o5wf807 tf_w\">\n                        <div class=\"row_inner col_align_top tb_col_count_1 tf_box tf_rel\">\n                        <div  data-lazy=\"1\" class=\"module_column tb-column col-full tb_2a46807 first\">\n                    <!-- module text -->\n<div  class=\"module module-text tb_s3fr807    wow\" data-tf-animation=\"fadeInUp\" data-lazy=\"1\">\n        <div  class=\"tb_text_wrap\">\n        <p data-start=\"195\" data-end=\"562\"><strong data-start=\"195\" data-end=\"214\">Herausgeber der Seite<\/strong><br data-start=\"214\" data-end=\"217\">Diese Website wird herausgegeben von :<br data-start=\"240\" data-end=\"243\">SARL ALARIC<br data-start=\"326\" data-end=\"329\">Adresse: 13, rue des Corbi\u00e8res, 11440 PEYRIAC DE MER<br>T\u00e9l\u00e9phone : 07 66 99 28 42<br>E-Mail: contact@entre-sel-et-ciel.com<br><br data-start=\"422\" data-end=\"425\"><strong data-start=\"564\" data-end=\"597\">Verantwortlich f\u00fcr die Ver\u00f6ffentlichung<\/strong><br data-start=\"597\" data-end=\"600\">Beatrice Castanier<\/p>\n<p data-start=\"619\" data-end=\"674\"><strong data-start=\"619\" data-end=\"632\">Webmaster<\/strong><br data-start=\"632\" data-end=\"635\">Aur\u00e9lie MZK<br data-start=\"646\" data-end=\"649\"><a href=\"mailto:contact@aurelie-mzk.com\">contact@aurelie-mzk.com<\/a><\/p>\n<p data-start=\"619\" data-end=\"674\"><strong data-start=\"676\" data-end=\"689\">Hoster<\/strong><\/p>\n<p data-start=\"676\" data-end=\"856\">OVH<br data-start=\"695\" data-end=\"698\">SAS mit einem Kapital von 10.174.560 \u20ac.<br data-start=\"728\" data-end=\"731\">RCS Lille M\u00e9tropole 424 761 419 00045<br data-start=\"768\" data-end=\"771\">Hauptsitz: 2 rue Kellermann, 59100 Roubaix, Frankreich<br data-start=\"825\" data-end=\"828\">Telefon: 09 72 10 10 07<\/p>\n<p data-start=\"858\" data-end=\"1092\"><strong data-start=\"858\" data-end=\"886\">Geistiges Eigentum<\/strong><br data-start=\"886\" data-end=\"889\">Der gesamte Inhalt dieser Website (Texte, Bilder, Logos) ist Eigentum der SARL ALARIC, sofern nicht anders angegeben. Jegliche Vervielf\u00e4ltigung oder Darstellung, ganz oder teilweise, ist ohne Genehmigung untersagt.<\/p>\n<p data-start=\"1401\" data-end=\"1809\"><strong data-start=\"1401\" data-end=\"1447\">Schutz personenbezogener Daten (DSGVO)<\/strong><br data-start=\"1447\" data-end=\"1450\">Gem\u00e4\u00df der Allgemeinen Datenschutzverordnung (DSGVO) werden die \u00fcber diese Website (Kontaktformular) erhobenen Daten ausschlie\u00dflich zur Bearbeitung von Kundenanfragen verwendet.<br data-start=\"1681\" data-end=\"1684\">Sie haben das Recht, auf Ihre Daten zuzugreifen, sie zu berichtigen und zu l\u00f6schen, indem Sie sich an :\u00a0<a href=\"mailto:contact@aurelie-mzk.com\">contact@aurelie-mzk.com<\/a><\/p>\n<p data-start=\"1401\" data-end=\"1809\"><strong data-start=\"1811\" data-end=\"1822\">Cookies<br><\/strong>Diese Seite kann Cookies verwenden, um die Navigation zu verbessern. Sie k\u00f6nnen Ihren Browser so einstellen, dass er diese Cookies ablehnt.<\/p>    <\/div>\n<\/div>\n<!-- \/module text -->        <\/div>\n                        <\/div>\n        <\/div>\n                        <div  data-lazy=\"1\" class=\"module_row themify_builder_row tb_16bl413 tf_w\">\n                        <div class=\"row_inner col_align_top tb_col_count_1 tf_box tf_rel\">\n                        <div  data-lazy=\"1\" class=\"module_column tb-column col-full tb_07xi413 first\">\n                            <\/div>\n                        <\/div>\n        <\/div>\n        <\/div>\n<!--\/themify_builder_content-->","protected":false},"excerpt":{"rendered":"<p>Mentions l\u00e9gales Propri\u00e9taire et concepteur du site Web \u00c9diteur du siteCe site est \u00e9dit\u00e9 par&nbsp;:SARL ALARICAdresse&nbsp;: 13, rue des Corbi\u00e8res, 11440 PEYRIAC DE MERT\u00e9l\u00e9phone&nbsp;: 07 66 99 28 42E-mail&nbsp;: contact@entre-sel-et-ciel.comResponsable de la publicationB\u00e9atrice Castanier WebmasterAur\u00e9lie MZKcontact@aurelie-mzk.com H\u00e9bergeur OVHSAS au capital de 10 174 560 \u20acRCS Lille M\u00e9tropole 424 761 419 00045Si\u00e8ge social&nbsp;: 2 rue Kellermann, [&hellip;]<\/p>\n","protected":false},"author":1,"featured_media":0,"parent":0,"menu_order":0,"comment_status":"closed","ping_status":"closed","template":"","meta":{"_monsterinsights_skip_tracking":false,"_monsterinsights_sitenote_active":false,"_monsterinsights_sitenote_note":"","_monsterinsights_sitenote_category":0,"footnotes":""},"class_list":["post-260","page","type-page","status-publish","hentry","has-post-title","has-post-date","has-post-category","has-post-tag","has-post-comment","has-post-author",""],"builder_content":"<h1 style=\"text-align: center;\">Mentions l\u00e9gales<\/h1>\n<p style=\"text-align: center;\">Propri\u00e9taire et concepteur du site Web<\/p>\n<p data-start=\"195\" data-end=\"562\"><strong data-start=\"195\" data-end=\"214\">\u00c9diteur du site<\/strong><br data-start=\"214\" data-end=\"217\">Ce site est \u00e9dit\u00e9 par :<br data-start=\"240\" data-end=\"243\">SARL ALARIC<br data-start=\"326\" data-end=\"329\">Adresse : 13, rue des Corbi\u00e8res, 11440 PEYRIAC DE MER<br>T\u00e9l\u00e9phone : 07 66 99 28 42<br>E-mail : contact@entre-sel-et-ciel.com<br><br data-start=\"422\" data-end=\"425\"><strong data-start=\"564\" data-end=\"597\">Responsable de la publication<\/strong><br data-start=\"597\" data-end=\"600\">B\u00e9atrice Castanier<\/p> <p data-start=\"619\" data-end=\"674\"><strong data-start=\"619\" data-end=\"632\">Webmaster<\/strong><br data-start=\"632\" data-end=\"635\">Aur\u00e9lie MZK<br data-start=\"646\" data-end=\"649\"><a href=\"mailto:contact@aurelie-mzk.com\">contact@aurelie-mzk.com<\/a><\/p> <p data-start=\"619\" data-end=\"674\"><strong data-start=\"676\" data-end=\"689\">H\u00e9bergeur<\/strong><\/p> <p data-start=\"676\" data-end=\"856\">OVH<br data-start=\"695\" data-end=\"698\">SAS au capital de 10 174 560 \u20ac<br data-start=\"728\" data-end=\"731\">RCS Lille M\u00e9tropole 424 761 419 00045<br data-start=\"768\" data-end=\"771\">Si\u00e8ge social : 2 rue Kellermann, 59100 Roubaix, France<br data-start=\"825\" data-end=\"828\">T\u00e9l\u00e9phone : 09 72 10 10 07<\/p> <p data-start=\"858\" data-end=\"1092\"><strong data-start=\"858\" data-end=\"886\">Propri\u00e9t\u00e9 intellectuelle<\/strong><br data-start=\"886\" data-end=\"889\">L\u2019ensemble du contenu de ce site (textes, images, logos) est la propri\u00e9t\u00e9 la SARL ALARIC sauf mention contraire. Toute reproduction ou repr\u00e9sentation, totale ou partielle, est interdite sans autorisation.<\/p> <p data-start=\"1401\" data-end=\"1809\"><strong data-start=\"1401\" data-end=\"1447\">Protection des donn\u00e9es personnelles (RGPD)<\/strong><br data-start=\"1447\" data-end=\"1450\">Conform\u00e9ment au R\u00e8glement G\u00e9n\u00e9ral sur la Protection des Donn\u00e9es (RGPD), les donn\u00e9es collect\u00e9es via ce site (formulaire de contact) sont utilis\u00e9es uniquement pour la gestion des demandes des clients.<br data-start=\"1681\" data-end=\"1684\">Vous disposez d\u2019un droit d\u2019acc\u00e8s, de rectification et de suppression de vos donn\u00e9es en contactant :\u00a0<a href=\"mailto:contact@aurelie-mzk.com\">contact@aurelie-mzk.com<\/a><\/p> <p data-start=\"1401\" data-end=\"1809\"><strong data-start=\"1811\" data-end=\"1822\">Cookies<br><\/strong>Ce site peut utiliser des cookies pour am\u00e9liorer la navigation. Vous pouvez configurer votre navigateur pour refuser ces cookies.<\/p>","_links":{"self":[{"href":"https:\/\/www.entre-sel-et-ciel.com\/de\/wp-json\/wp\/v2\/pages\/260","targetHints":{"allow":["GET"]}}],"collection":[{"href":"https:\/\/www.entre-sel-et-ciel.com\/de\/wp-json\/wp\/v2\/pages"}],"about":[{"href":"https:\/\/www.entre-sel-et-ciel.com\/de\/wp-json\/wp\/v2\/types\/page"}],"author":[{"embeddable":true,"href":"https:\/\/www.entre-sel-et-ciel.com\/de\/wp-json\/wp\/v2\/users\/1"}],"replies":[{"embeddable":true,"href":"https:\/\/www.entre-sel-et-ciel.com\/de\/wp-json\/wp\/v2\/comments?post=260"}],"version-history":[{"count":7,"href":"https:\/\/www.entre-sel-et-ciel.com\/de\/wp-json\/wp\/v2\/pages\/260\/revisions"}],"predecessor-version":[{"id":2306,"href":"https:\/\/www.entre-sel-et-ciel.com\/de\/wp-json\/wp\/v2\/pages\/260\/revisions\/2306"}],"wp:attachment":[{"href":"https:\/\/www.entre-sel-et-ciel.com\/de\/wp-json\/wp\/v2\/media?parent=260"}],"curies":[{"name":"wp","href":"https:\/\/api.w.org\/{rel}","templated":true}]}}