{"id":1200,"date":"2025-11-11T01:11:50","date_gmt":"2025-11-11T00:11:50","guid":{"rendered":"https:\/\/www.entre-sel-et-ciel.com\/?page_id=1200"},"modified":"2025-12-05T22:45:30","modified_gmt":"2025-12-05T21:45:30","slug":"actualites","status":"publish","type":"page","link":"https:\/\/www.entre-sel-et-ciel.com\/de\/actualites\/","title":{"rendered":"Nachrichten"},"content":{"rendered":"<!--themify_builder_content-->\n<div id=\"themify_builder_content-1200\" data-postid=\"1200\" class=\"themify_builder_content themify_builder_content-1200 themify_builder tf_clear\">\n                    <div  data-lazy=\"1\" class=\"module_row themify_builder_row tb_wewi590 tb_first tf_w\">\n                        <div class=\"row_inner col_align_top tb_col_count_1 tf_box tf_rel\">\n                        <div  data-lazy=\"1\" class=\"module_column tb-column col-full tb_xtju591 first\">\n                    <!-- module text -->\n<div  class=\"module module-text tb_7fg3175   \" data-lazy=\"1\">\n        <div  class=\"tb_text_wrap\">\n        <h2 style=\"text-align: left;\"><span style=\"color: #f75e25;\">Notre actualit\u00e9<\/span><\/h2>\n<p>Retrouvez ici les derni\u00e8res infos sur nos locations et sur ce qui se passe dans notre r\u00e9gion.<\/p>    <\/div>\n<\/div>\n<!-- \/module text --><!-- module post -->\n<div  class=\"module module-post tb_433v150 \">\n    <div  class=\"builder-posts-wrap loops-wrapper list-thumb-image tf_clear tf_clearfix\" data-lazy=\"1\">\n    <article id=\"post-2081\" class=\"post tf_clearfix post-2081 type-post status-publish format-standard has-post-thumbnail hentry category-non-classe has-post-title has-post-date has-post-category has-post-tag has-post-comment has-post-author \">\n\t    \n\t                <figure class=\"post-image tf_clearfix\">\n                                                            <a href=\"https:\/\/www.entre-sel-et-ciel.com\/de\/nouveau-site-en-ligne\/\">\n                                        <img loading=\"lazy\" decoding=\"async\" width=\"2560\" height=\"1246\" src=\"https:\/\/www.entre-sel-et-ciel.com\/wp-content\/uploads\/2025\/12\/4-ecrans-sel-et-ciel-scaled.jpg\" class=\"wp-post-image wp-image-2082\" title=\"Screenshot\" alt=\"Screenshot\" srcset=\"https:\/\/www.entre-sel-et-ciel.com\/wp-content\/uploads\/2025\/12\/4-ecrans-sel-et-ciel-scaled.jpg 2560w, https:\/\/www.entre-sel-et-ciel.com\/wp-content\/uploads\/2025\/12\/4-ecrans-sel-et-ciel-1024x499-300x146.jpg 300w, https:\/\/www.entre-sel-et-ciel.com\/wp-content\/uploads\/2025\/12\/4-ecrans-sel-et-ciel-1024x499.jpg 1024w, https:\/\/www.entre-sel-et-ciel.com\/wp-content\/uploads\/2025\/12\/4-ecrans-sel-et-ciel-768x374.jpg 768w, https:\/\/www.entre-sel-et-ciel.com\/wp-content\/uploads\/2025\/12\/4-ecrans-sel-et-ciel-1536x748.jpg 1536w, https:\/\/www.entre-sel-et-ciel.com\/wp-content\/uploads\/2025\/12\/4-ecrans-sel-et-ciel-2048x997.jpg 2048w\" sizes=\"auto, (max-width: 2560px) 100vw, 2560px\" \/>                                                                    <\/a>\n                                                                <\/figure>\n                    \t<div class=\"post-content\">\n\t\t<div class=\"post-content-inner\">\n\n\t\t\t\t\t\t\t\t<div class=\"post-date-wrap post-date-inline\">\n\t\t<time class=\"post-date entry-date updated\" datetime=\"2025-12-05\">\n\t\t\t\t\t<span class=\"year\">5 Dezember 2025<\/span>\n\t\t\t\t<\/time>\n\t<\/div><!-- .post-date-wrap -->\n\t\t\t\t\n\t\t\t<h2 class=\"post-title entry-title\"><a href=\"https:\/\/www.entre-sel-et-ciel.com\/de\/nouveau-site-en-ligne\/\">Notre nouveau site est en ligne&nbsp;!<\/a><\/h2>\n\t\t\t\n\t\t\t\n\t\t\t        <div class=\"entry-content\">\n\n        \n            <p>Un tout nouveau site d\u00e9di\u00e9 \u00e0 nos 3 appartements suites \u00e0 Peyrac-de-Mer&nbsp;! Nous sommes heureux [&hellip;]<\/p>\n\n                \n                    <div class=\"more-link-wrap\"><a href=\"https:\/\/www.entre-sel-et-ciel.com\/de\/nouveau-site-en-ligne\/\" class=\"more-link\">Lire la suite...<\/a><\/div>\n\n            \n            \n        <\/div><!-- \/.entry-content -->\n        \n\t\t<\/div>\n\t\t<!-- \/.post-content-inner -->\n\t<\/div>\n\t<!-- \/.post-content -->\n\t\n<\/article>\n<!-- \/.post -->\n    <\/div><!-- .builder-posts-wrap -->\n            <\/div>\n<!-- \/module post -->\n            <\/div>\n                        <\/div>\n        <\/div>\n        <\/div>\n<!--\/themify_builder_content-->","protected":false},"excerpt":{"rendered":"<p>Unsere Nachrichten Hier finden Sie die neuesten Informationen zu unseren Ferienh\u00e4usern und zu dem, was in unserer Region passiert.<\/p>","protected":false},"author":2,"featured_media":0,"parent":0,"menu_order":0,"comment_status":"closed","ping_status":"closed","template":"","meta":{"_monsterinsights_skip_tracking":false,"_monsterinsights_sitenote_active":false,"_monsterinsights_sitenote_note":"","_monsterinsights_sitenote_category":0,"footnotes":""},"class_list":["post-1200","page","type-page","status-publish","hentry","has-post-title","has-post-date","has-post-category","has-post-tag","has-post-comment","has-post-author",""],"builder_content":"<h2 style=\"text-align: left;\">Notre actualit\u00e9<\/h2> <p>Retrouvez ici les derni\u00e8res infos sur nos locations et sur ce qui se passe dans notre r\u00e9gion.<\/p>","_links":{"self":[{"href":"https:\/\/www.entre-sel-et-ciel.com\/de\/wp-json\/wp\/v2\/pages\/1200","targetHints":{"allow":["GET"]}}],"collection":[{"href":"https:\/\/www.entre-sel-et-ciel.com\/de\/wp-json\/wp\/v2\/pages"}],"about":[{"href":"https:\/\/www.entre-sel-et-ciel.com\/de\/wp-json\/wp\/v2\/types\/page"}],"author":[{"embeddable":true,"href":"https:\/\/www.entre-sel-et-ciel.com\/de\/wp-json\/wp\/v2\/users\/2"}],"replies":[{"embeddable":true,"href":"https:\/\/www.entre-sel-et-ciel.com\/de\/wp-json\/wp\/v2\/comments?post=1200"}],"version-history":[{"count":5,"href":"https:\/\/www.entre-sel-et-ciel.com\/de\/wp-json\/wp\/v2\/pages\/1200\/revisions"}],"predecessor-version":[{"id":2218,"href":"https:\/\/www.entre-sel-et-ciel.com\/de\/wp-json\/wp\/v2\/pages\/1200\/revisions\/2218"}],"wp:attachment":[{"href":"https:\/\/www.entre-sel-et-ciel.com\/de\/wp-json\/wp\/v2\/media?parent=1200"}],"curies":[{"name":"wp","href":"https:\/\/api.w.org\/{rel}","templated":true}]}}